{"id":88773,"date":"2026-02-08T14:17:45","date_gmt":"2026-02-08T14:17:45","guid":{"rendered":"https:\/\/belliza.be\/?page_id=88773"},"modified":"2026-03-05T09:19:02","modified_gmt":"2026-03-05T08:19:02","slug":"klassieke-gelaatsverzorging","status":"publish","type":"page","link":"https:\/\/belliza.be\/fr\/klassieke-gelaatsverzorging\/","title":{"rendered":"Klassieke Gelaatsverzorging"},"content":{"rendered":"<h2 id=\"gspb_heading-id-gsbp-ab61c2b\" class=\"gspb_heading gspb_heading-id-gsbp-ab61c2b\">MESOESTETIC<\/h2>\n\n\n\n<div class=\"wp-block-greenshift-blocks-row gspb_row gspb_row-id-gsbp-05124b2\" id=\"gspb_row-id-gsbp-05124b2\"><div class=\"gspb_row__content\"> \n<div class=\"wp-block-greenshift-blocks-row-column gspb_row__col--6 gspb_col-id-gsbp-7c832de\" id=\"gspb_col-id-gsbp-7c832de\">\n<figure class=\"wp-block-image size-large\"><img loading=\"lazy\" decoding=\"async\" width=\"1024\" height=\"684\" src=\"https:\/\/belliza.be\/wp-content\/uploads\/2026\/02\/gelaatsverzorging-1024x684.jpg\" alt=\"\" class=\"wp-image-88774\" srcset=\"https:\/\/belliza.be\/wp-content\/uploads\/2026\/02\/gelaatsverzorging-1024x684.jpg 1024w, https:\/\/belliza.be\/wp-content\/uploads\/2026\/02\/gelaatsverzorging-300x200.jpg 300w, https:\/\/belliza.be\/wp-content\/uploads\/2026\/02\/gelaatsverzorging-768x513.jpg 768w, https:\/\/belliza.be\/wp-content\/uploads\/2026\/02\/gelaatsverzorging-1536x1025.jpg 1536w, https:\/\/belliza.be\/wp-content\/uploads\/2026\/02\/gelaatsverzorging-18x12.jpg 18w, https:\/\/belliza.be\/wp-content\/uploads\/2026\/02\/gelaatsverzorging-600x400.jpg 600w, https:\/\/belliza.be\/wp-content\/uploads\/2026\/02\/gelaatsverzorging.jpg 2048w\" sizes=\"auto, (max-width: 1024px) 100vw, 1024px\" \/><\/figure>\n<\/div>\n\n\n\n<div class=\"wp-block-greenshift-blocks-row-column gspb_row__col--6 gspb_col-id-gsbp-ff40d78\" id=\"gspb_col-id-gsbp-ff40d78\">\n<h2 id=\"gspb_heading-id-gsbp-299db1a\" class=\"gspb_heading gspb_heading-id-gsbp-299db1a\">ESSENTIEL<\/h2>\n\n\n\n<p>Soins du visage classiques, adapt\u00e9s \u00e0 tous les types de peau. Sur la base d'une analyse correcte de la peau, les produits ad\u00e9quats sont utilis\u00e9s en combinaison avec une exp\u00e9rience relaxante.<\/p>\n\n\n\n<p><em>Prix : 80<\/em><\/p>\n\n\n\n<h2 id=\"gspb_heading-id-gsbp-c4945f2\" class=\"gspb_heading gspb_heading-id-gsbp-c4945f2\">ESSENTIEL DELUXE<\/h2>\n\n\n\n<p>Le soin du visage Essential Deluxe comprend un suppl\u00e9ment tel qu'une ampoule, un masque aux fibres de cristal et un massage complet. Sur la base d'une analyse correcte de la peau, les produits ad\u00e9quats sont utilis\u00e9s, adapt\u00e9s \u00e0 votre type de peau.<\/p>\n\n\n\n<p><em>Prijs: \u20ac<\/em>110<\/p>\n<\/div>\n <\/div><\/div>\n\n\n\n<h2 id=\"gspb_heading-id-gsbp-4d0bbf5\" class=\"gspb_heading gspb_heading-id-gsbp-4d0bbf5\"><strong>GERMAINE DE CAPUCCINI<\/strong><\/h2>\n\n\n\n<div class=\"wp-block-greenshift-blocks-row gspb_row gspb_row-id-gsbp-c46321e\" id=\"gspb_row-id-gsbp-c46321e\"><div class=\"gspb_row__content\"> \n<div class=\"wp-block-greenshift-blocks-row-column gspb_row__col--6 gspb_col-id-gsbp-90d7d78\" id=\"gspb_col-id-gsbp-90d7d78\">\n<h2 id=\"gspb_heading-id-gsbp-8fe1b1d\" class=\"gspb_heading gspb_heading-id-gsbp-8fe1b1d\">Essenti\u00eble Gelaatsverzorging<\/h2>\n\n\n\n<p>Ontdek een moment van pure luxe met de <strong>Essenti\u00eble Gelaatsverzorging van Germaine de Capuccini<\/strong>. Deze verfijnde behandeling zuivert, hydrateert en herstelt de natuurlijke balans van je huid.<\/p>\n\n\n\n<p>Je huid wordt zorgvuldig gereinigd, zacht ge\u00ebxfolieerd en intens gevoed met hoogwaardige producten. Een ontspannende gelaatsmassage stimuleert de doorbloeding en laat je huid opnieuw stralen.<\/p>\n\n\n\n<p>&#x2728; <strong>R\u00e9sultats :<\/strong> een frisse, zijdezachte huid met een gezonde, natuurlijke glow.<\/p>\n\n\n\n<p><em>Prix : 80<\/em><\/p>\n<\/div>\n\n\n\n<div class=\"wp-block-greenshift-blocks-row-column gspb_row__col--6 gspb_col-id-gsbp-34cfeed\" id=\"gspb_col-id-gsbp-34cfeed\">\n<figure class=\"wp-block-image size-full\"><img loading=\"lazy\" decoding=\"async\" width=\"2040\" height=\"1362\" src=\"https:\/\/belliza.be\/wp-content\/uploads\/2026\/02\/germaine-de-capuccini-royal-jelly.jpg\" alt=\"\" class=\"wp-image-88775\" srcset=\"https:\/\/belliza.be\/wp-content\/uploads\/2026\/02\/germaine-de-capuccini-royal-jelly.jpg 2040w, https:\/\/belliza.be\/wp-content\/uploads\/2026\/02\/germaine-de-capuccini-royal-jelly-300x200.jpg 300w, https:\/\/belliza.be\/wp-content\/uploads\/2026\/02\/germaine-de-capuccini-royal-jelly-1024x684.jpg 1024w, https:\/\/belliza.be\/wp-content\/uploads\/2026\/02\/germaine-de-capuccini-royal-jelly-768x513.jpg 768w, https:\/\/belliza.be\/wp-content\/uploads\/2026\/02\/germaine-de-capuccini-royal-jelly-1536x1026.jpg 1536w, https:\/\/belliza.be\/wp-content\/uploads\/2026\/02\/germaine-de-capuccini-royal-jelly-18x12.jpg 18w, https:\/\/belliza.be\/wp-content\/uploads\/2026\/02\/germaine-de-capuccini-royal-jelly-600x401.jpg 600w\" sizes=\"auto, (max-width: 2040px) 100vw, 2040px\" \/><\/figure>\n<\/div>\n <\/div><\/div>\n\n\n\n<div class=\"wp-block-greenshift-blocks-row gspb_row gspb_row-id-gsbp-636c804\" id=\"gspb_row-id-gsbp-636c804\"><div class=\"gspb_row__content\"> \n<div class=\"wp-block-greenshift-blocks-row-column gspb_row__col--6 gspb_col-id-gsbp-420f216\" id=\"gspb_col-id-gsbp-420f216\">\n<figure class=\"wp-block-image size-large\"><img loading=\"lazy\" decoding=\"async\" width=\"1024\" height=\"684\" src=\"https:\/\/belliza.be\/wp-content\/uploads\/2026\/02\/hydratatie-germaine-1024x684.jpg\" alt=\"\" class=\"wp-image-88776\" srcset=\"https:\/\/belliza.be\/wp-content\/uploads\/2026\/02\/hydratatie-germaine-1024x684.jpg 1024w, https:\/\/belliza.be\/wp-content\/uploads\/2026\/02\/hydratatie-germaine-300x200.jpg 300w, https:\/\/belliza.be\/wp-content\/uploads\/2026\/02\/hydratatie-germaine-768x513.jpg 768w, https:\/\/belliza.be\/wp-content\/uploads\/2026\/02\/hydratatie-germaine-1536x1026.jpg 1536w, https:\/\/belliza.be\/wp-content\/uploads\/2026\/02\/hydratatie-germaine-18x12.jpg 18w, https:\/\/belliza.be\/wp-content\/uploads\/2026\/02\/hydratatie-germaine-600x401.jpg 600w, https:\/\/belliza.be\/wp-content\/uploads\/2026\/02\/hydratatie-germaine.jpg 2040w\" sizes=\"auto, (max-width: 1024px) 100vw, 1024px\" \/><\/figure>\n<\/div>\n\n\n\n<div class=\"wp-block-greenshift-blocks-row-column gspb_row__col--6 gspb_col-id-gsbp-e2139c5\" id=\"gspb_col-id-gsbp-e2139c5\">\n<h2 id=\"gspb_heading-id-gsbp-885ee91\" class=\"gspb_heading gspb_heading-id-gsbp-885ee91\"><strong>Essentieel Deluxe Gelaatsverzorging<\/strong><\/h2>\n\n\n\n<p>Ervaar een intens moment van luxe en ontspanning met de <strong>Essentieel Deluxe Gelaatsverzorging van Germaine de Capuccini<\/strong>. Deze uitgebreide behandeling combineert diepgaande huidverzorging met pure ontspanning.<\/p>\n\n\n\n<p>De huid wordt grondig gereinigd, ge\u00ebxfolieerd en verzorgd met hoogwaardige producten die de huid intens voeden en hydrateren. Een luxueuze gelaats-, nek- en schoudermassage stimuleert de doorbloeding en laat lichaam en geest volledig tot rust komen.<\/p>\n\n\n\n<p>&#x2728; <strong>R\u00e9sultats :<\/strong> een diep gereinigde, intens gevoede huid met een stralende, jeugdige uitstraling.<\/p>\n\n\n\n<p><em>Prix : <\/em>\u20ac110<\/p>\n<\/div>\n <\/div><\/div>\n\n\n\n<div class=\"wp-block-greenshift-blocks-row gspb_row gspb_row-id-gsbp-a1778eb\" id=\"gspb_row-id-gsbp-a1778eb\"><div class=\"gspb_row__content\"> \n<div class=\"wp-block-greenshift-blocks-row-column gspb_row__col--6 gspb_col-id-gsbp-719bb48\" id=\"gspb_col-id-gsbp-719bb48\"><\/div>\n <\/div><\/div>\n\n\n\n<div class=\"wp-block-greenshift-blocks-row gspb_row gspb_row-id-gsbp-78edcf5\" id=\"gspb_row-id-gsbp-78edcf5\"><div class=\"gspb_row__content\"> \n<div class=\"wp-block-greenshift-blocks-row-column gspb_row__col--6 gspb_col-id-gsbp-1eac3fa\" id=\"gspb_col-id-gsbp-1eac3fa\">\n<h2 id=\"gspb_heading-id-gsbp-eeb4850\" class=\"gspb_heading gspb_heading-id-gsbp-eeb4850\"><\/h2>\n<\/div>\n <\/div><\/div>\n\n\n\n<h2 id=\"gspb_heading-id-gsbp-7159531\" class=\"gspb_heading gspb_heading-id-gsbp-7159531\">Boek hier uw behandeling<\/h2>\n\n\n\n<div class=\"wp-block-buttons is-layout-flex wp-block-buttons-is-layout-flex\">\n<div class=\"wp-block-button has-custom-width wp-block-button__width-50\"><a class=\"wp-block-button__link has-medium-font-size has-custom-font-size wp-element-button\" href=\"tel:003214542453\">+32 14 54 24 53<\/a><\/div>\n\n\n\n<div class=\"wp-block-button has-custom-width wp-block-button__width-50\"><a class=\"wp-block-button__link has-medium-font-size has-custom-font-size wp-element-button\" href=\"mailto:karina@belliza.be\">karina@belliza.be<\/a><\/div>\n<\/div>\n\n\n\n<div class=\"wp-block-buttons is-content-justification-center is-layout-flex wp-container-core-buttons-is-layout-a89b3969 wp-block-buttons-is-layout-flex\">\n<div class=\"wp-block-button has-custom-width wp-block-button__width-50\"><a class=\"wp-block-button__link has-medium-font-size has-custom-font-size wp-element-button\" href=\"https:\/\/salonkee.be\/salon\/belliza?lang=nl\" target=\"_blank\" rel=\"noreferrer noopener\">Boek op Salonkee<\/a><\/div>\n<\/div>","protected":false},"excerpt":{"rendered":"","protected":false},"author":1,"featured_media":0,"parent":0,"menu_order":0,"comment_status":"closed","ping_status":"closed","template":"","meta":{"_gspb_post_css":"#gspb_heading-id-gsbp-ab61c2b{font-size:clamp(25px,5vw,30px);line-height:1.5;text-align:center!important}#gspb_heading-id-gsbp-ab61c2b .gsap-g-line{text-align:center!important}@media (max-width:575.98px){#gspb_heading-id-gsbp-ab61c2b,#gspb_heading-id-gsbp-ab61c2b .gsap-g-line{text-align:center!important}}#gspb_heading-id-gsbp-ab61c2b{margin-top:0;margin-bottom:30px}#gspb_row-id-gsbp-05124b2{justify-content:space-between;margin-top:0;margin-bottom:0;display:flex;flex-wrap:wrap;background-color:#dbbe4800}#gspb_row-id-gsbp-05124b2>.gspb_row__content{display:flex;justify-content:space-between;margin:0 auto;width:100%;flex-wrap:wrap}.gspb_row{position:relative}div[id^=gspb_col-id]{box-sizing:border-box;position:relative;padding:var(--gs-row-column-padding, 15px min(3vw, 20px))}body.gspb-bodyfront #gspb_row-id-gsbp-05124b2>.gspb_row__content{width:var(--theme-container-width, 1200px);max-width:var(--theme-normal-container-max-width, 1200px)}#gspb_col-id-gsbp-7c832de.gspb_row__col--6{width:50%}@media (max-width:575.98px){#gspb_col-id-gsbp-7c832de.gspb_row__col--6{width:100%}}#gspb_col-id-gsbp-ff40d78.gspb_row__col--6{width:50%}@media (max-width:575.98px){#gspb_col-id-gsbp-ff40d78.gspb_row__col--6{width:100%}}#gspb_heading-id-gsbp-299db1a{font-size:clamp(25px,5vw,30px);line-height:1.5;text-align:left!important}#gspb_col-id-gsbp-ff40d78.gspb_row__col--6,#gspb_col-id-gsbp-ff40d78.gspb_row__col--6 .gsap-g-line,#gspb_heading-id-gsbp-299db1a .gsap-g-line{text-align:left!important}@media (max-width:575.98px){#gspb_heading-id-gsbp-299db1a,#gspb_heading-id-gsbp-299db1a .gsap-g-line{text-align:center!important}}#gspb_heading-id-gsbp-299db1a{margin-top:0;margin-bottom:30px}#gspb_heading-id-gsbp-c4945f2{font-size:clamp(25px,5vw,30px);line-height:1.5;text-align:left!important}#gspb_heading-id-gsbp-c4945f2 .gsap-g-line{text-align:left!important}@media (max-width:575.98px){#gspb_heading-id-gsbp-c4945f2,#gspb_heading-id-gsbp-c4945f2 .gsap-g-line{text-align:center!important}}#gspb_heading-id-gsbp-c4945f2{margin-top:0;margin-bottom:30px}#gspb_heading-id-gsbp-4d0bbf5{font-size:clamp(25px,5vw,30px);line-height:1.5;text-align:center!important}#gspb_heading-id-gsbp-4d0bbf5 .gsap-g-line{text-align:center!important}@media (max-width:575.98px){#gspb_heading-id-gsbp-4d0bbf5,#gspb_heading-id-gsbp-4d0bbf5 .gsap-g-line{text-align:center!important}}#gspb_heading-id-gsbp-4d0bbf5{margin-top:0;margin-bottom:30px}#gspb_row-id-gsbp-c46321e{justify-content:space-between;margin-top:0;margin-bottom:0;display:flex;flex-wrap:wrap;background-color:#dbbe4800}#gspb_row-id-gsbp-c46321e>.gspb_row__content{display:flex;justify-content:space-between;margin:0 auto;width:100%;flex-wrap:wrap}#gspb_col-id-gsbp-90d7d78.gspb_row__col--6{width:50%}@media (max-width:575.98px){#gspb_col-id-gsbp-90d7d78.gspb_row__col--6{width:100%;order:100}}#gspb_heading-id-gsbp-8fe1b1d{font-size:clamp(25px,5vw,30px);line-height:1.5;text-align:left!important}#gspb_col-id-gsbp-90d7d78.gspb_row__col--6,#gspb_col-id-gsbp-90d7d78.gspb_row__col--6 .gsap-g-line,#gspb_heading-id-gsbp-8fe1b1d .gsap-g-line{text-align:left!important}@media (max-width:575.98px){#gspb_heading-id-gsbp-8fe1b1d,#gspb_heading-id-gsbp-8fe1b1d .gsap-g-line{text-align:center!important}}#gspb_heading-id-gsbp-8fe1b1d{margin-top:0;margin-bottom:30px}#gspb_col-id-gsbp-34cfeed.gspb_row__col--6{width:50%}@media (max-width:575.98px){#gspb_col-id-gsbp-34cfeed.gspb_row__col--6{width:100%}}#gspb_row-id-gsbp-636c804{justify-content:space-between;margin-top:0;margin-bottom:0;display:flex;flex-wrap:wrap;background-color:#dbbe4800}#gspb_row-id-gsbp-636c804>.gspb_row__content{display:flex;justify-content:space-between;margin:0 auto;width:100%;flex-wrap:wrap}body.gspb-bodyfront #gspb_row-id-gsbp-636c804>.gspb_row__content,body.gspb-bodyfront #gspb_row-id-gsbp-c46321e>.gspb_row__content{width:var(--theme-container-width, 1200px);max-width:var(--theme-normal-container-max-width, 1200px)}#gspb_col-id-gsbp-420f216.gspb_row__col--6{width:50%}@media (max-width:575.98px){#gspb_col-id-gsbp-420f216.gspb_row__col--6{width:100%}}#gspb_col-id-gsbp-e2139c5.gspb_row__col--6{width:50%}@media (max-width:575.98px){#gspb_col-id-gsbp-e2139c5.gspb_row__col--6{width:100%}}#gspb_heading-id-gsbp-885ee91{font-size:clamp(25px,5vw,30px);line-height:1.5;text-align:left!important}#gspb_col-id-gsbp-e2139c5.gspb_row__col--6,#gspb_col-id-gsbp-e2139c5.gspb_row__col--6 .gsap-g-line,#gspb_heading-id-gsbp-885ee91 .gsap-g-line{text-align:left!important}@media (max-width:575.98px){#gspb_heading-id-gsbp-885ee91,#gspb_heading-id-gsbp-885ee91 .gsap-g-line{text-align:center!important}}#gspb_heading-id-gsbp-885ee91{margin-top:0;margin-bottom:30px}#gspb_row-id-gsbp-a1778eb>.gspb_row__content{display:flex;justify-content:space-between;margin:0 auto;width:100%;flex-wrap:wrap}#gspb_col-id-gsbp-719bb48.gspb_row__col--6{width:50%}@media (max-width:575.98px){#gspb_col-id-gsbp-719bb48.gspb_row__col--6{width:100%;order:100}}#gspb_col-id-gsbp-719bb48.gspb_row__col--6,#gspb_col-id-gsbp-719bb48.gspb_row__col--6 .gsap-g-line{text-align:left!important}#gspb_row-id-gsbp-78edcf5,#gspb_row-id-gsbp-a1778eb{justify-content:space-between;margin-top:0;margin-bottom:0;display:flex;flex-wrap:wrap;background-color:#dbbe4800}#gspb_row-id-gsbp-78edcf5>.gspb_row__content{display:flex;justify-content:space-between;margin:0 auto;width:100%;flex-wrap:wrap}body.gspb-bodyfront #gspb_row-id-gsbp-78edcf5>.gspb_row__content,body.gspb-bodyfront #gspb_row-id-gsbp-a1778eb>.gspb_row__content{width:var(--theme-container-width, 1200px);max-width:var(--theme-normal-container-max-width, 1200px)}#gspb_col-id-gsbp-1eac3fa.gspb_row__col--6{width:50%}@media (max-width:575.98px){#gspb_col-id-gsbp-1eac3fa.gspb_row__col--6{width:100%}}#gspb_heading-id-gsbp-eeb4850{font-size:clamp(25px,5vw,30px);line-height:1.5;text-align:left!important}#gspb_col-id-gsbp-1eac3fa.gspb_row__col--6,#gspb_col-id-gsbp-1eac3fa.gspb_row__col--6 .gsap-g-line,#gspb_heading-id-gsbp-eeb4850 .gsap-g-line{text-align:left!important}@media (max-width:575.98px){#gspb_heading-id-gsbp-eeb4850,#gspb_heading-id-gsbp-eeb4850 .gsap-g-line{text-align:center!important}}#gspb_heading-id-gsbp-eeb4850{margin-top:0;margin-bottom:30px}#gspb_heading-id-gsbp-7159531{font-size:clamp(25px,5vw,30px);line-height:1.5;text-align:center!important}#gspb_heading-id-gsbp-7159531 .gsap-g-line{text-align:center!important}@media (max-width:575.98px){#gspb_heading-id-gsbp-7159531,#gspb_heading-id-gsbp-7159531 .gsap-g-line{text-align:center!important}}#gspb_heading-id-gsbp-7159531{margin-top:0;margin-bottom:30px}","footnotes":""},"class_list":["post-88773","page","type-page","status-publish","hentry"],"blocksy_meta":[],"yoast_head":"<!-- This site is optimized with the Yoast SEO plugin v27.0 - https:\/\/yoast.com\/product\/yoast-seo-wordpress\/ -->\n<title>Klassieke Gelaatsverzorging - Belliza<\/title>\n<meta name=\"description\" content=\"MESOESTETIC ESSENTIAL Klassieke gelaatsverzorging, geschikt voor elk huidtype. Aan de hand van een correcte huidanalyse worden de juiste producten\" \/>\n<meta name=\"robots\" content=\"index, follow, max-snippet:-1, max-image-preview:large, max-video-preview:-1\" \/>\n<link rel=\"canonical\" href=\"https:\/\/belliza.be\/fr\/klassieke-gelaatsverzorging\/\" \/>\n<meta property=\"og:locale\" content=\"fr_FR\" \/>\n<meta property=\"og:type\" content=\"article\" \/>\n<meta property=\"og:title\" content=\"Klassieke Gelaatsverzorging - Belliza\" \/>\n<meta property=\"og:description\" content=\"MESOESTETIC ESSENTIAL Klassieke gelaatsverzorging, geschikt voor elk huidtype. Aan de hand van een correcte huidanalyse worden de juiste producten\" \/>\n<meta property=\"og:url\" content=\"https:\/\/belliza.be\/fr\/klassieke-gelaatsverzorging\/\" \/>\n<meta property=\"og:site_name\" content=\"Belliza\" \/>\n<meta property=\"article:publisher\" content=\"https:\/\/www.facebook.com\/www.belliza.be\/\" \/>\n<meta property=\"article:modified_time\" content=\"2026-03-05T08:19:02+00:00\" \/>\n<meta property=\"og:image\" content=\"https:\/\/belliza.be\/wp-content\/uploads\/2026\/02\/gelaatsverzorging.jpg\" \/>\n\t<meta property=\"og:image:width\" content=\"2048\" \/>\n\t<meta property=\"og:image:height\" content=\"1367\" \/>\n\t<meta property=\"og:image:type\" content=\"image\/jpeg\" \/>\n<meta name=\"twitter:card\" content=\"summary_large_image\" \/>\n<meta name=\"twitter:label1\" content=\"Dur\u00e9e de lecture est.\" \/>\n\t<meta name=\"twitter:data1\" content=\"2 minutes\" \/>\n<script type=\"application\/ld+json\" class=\"yoast-schema-graph\">{\"@context\":\"https:\/\/schema.org\",\"@graph\":[{\"@type\":\"WebPage\",\"@id\":\"https:\/\/belliza.be\/klassieke-gelaatsverzorging\/\",\"url\":\"https:\/\/belliza.be\/klassieke-gelaatsverzorging\/\",\"name\":\"Klassieke Gelaatsverzorging - Belliza\",\"isPartOf\":{\"@id\":\"https:\/\/belliza.be\/#website\"},\"primaryImageOfPage\":{\"@id\":\"https:\/\/belliza.be\/klassieke-gelaatsverzorging\/#primaryimage\"},\"image\":{\"@id\":\"https:\/\/belliza.be\/klassieke-gelaatsverzorging\/#primaryimage\"},\"thumbnailUrl\":\"https:\/\/belliza.be\/wp-content\/uploads\/2026\/02\/gelaatsverzorging-1024x684.jpg\",\"datePublished\":\"2026-02-08T14:17:45+00:00\",\"dateModified\":\"2026-03-05T08:19:02+00:00\",\"description\":\"MESOESTETIC ESSENTIAL Klassieke gelaatsverzorging, geschikt voor elk huidtype. Aan de hand van een correcte huidanalyse worden de juiste producten\",\"breadcrumb\":{\"@id\":\"https:\/\/belliza.be\/klassieke-gelaatsverzorging\/#breadcrumb\"},\"inLanguage\":\"fr-BE\",\"potentialAction\":[{\"@type\":\"ReadAction\",\"target\":[\"https:\/\/belliza.be\/klassieke-gelaatsverzorging\/\"]}]},{\"@type\":\"ImageObject\",\"inLanguage\":\"fr-BE\",\"@id\":\"https:\/\/belliza.be\/klassieke-gelaatsverzorging\/#primaryimage\",\"url\":\"https:\/\/belliza.be\/wp-content\/uploads\/2026\/02\/gelaatsverzorging-1024x684.jpg\",\"contentUrl\":\"https:\/\/belliza.be\/wp-content\/uploads\/2026\/02\/gelaatsverzorging-1024x684.jpg\"},{\"@type\":\"BreadcrumbList\",\"@id\":\"https:\/\/belliza.be\/klassieke-gelaatsverzorging\/#breadcrumb\",\"itemListElement\":[{\"@type\":\"ListItem\",\"position\":1,\"name\":\"Home\",\"item\":\"https:\/\/belliza.be\/\"},{\"@type\":\"ListItem\",\"position\":2,\"name\":\"Klassieke Gelaatsverzorging\"}]},{\"@type\":\"WebSite\",\"@id\":\"https:\/\/belliza.be\/#website\",\"url\":\"https:\/\/belliza.be\/\",\"name\":\"Belliza\",\"description\":\"Belliza\",\"publisher\":{\"@id\":\"https:\/\/belliza.be\/#organization\"},\"potentialAction\":[{\"@type\":\"SearchAction\",\"target\":{\"@type\":\"EntryPoint\",\"urlTemplate\":\"https:\/\/belliza.be\/?s={search_term_string}\"},\"query-input\":{\"@type\":\"PropertyValueSpecification\",\"valueRequired\":true,\"valueName\":\"search_term_string\"}}],\"inLanguage\":\"fr-BE\"},{\"@type\":\"Organization\",\"@id\":\"https:\/\/belliza.be\/#organization\",\"name\":\"Belliza\",\"url\":\"https:\/\/belliza.be\/\",\"logo\":{\"@type\":\"ImageObject\",\"inLanguage\":\"fr-BE\",\"@id\":\"https:\/\/belliza.be\/#\/schema\/logo\/image\/\",\"url\":\"\",\"contentUrl\":\"\",\"caption\":\"Belliza\"},\"image\":{\"@id\":\"https:\/\/belliza.be\/#\/schema\/logo\/image\/\"},\"sameAs\":[\"https:\/\/www.facebook.com\/www.belliza.be\/\",\"https:\/\/www.instagram.com\/schoonheidssalon_belliza\/\"]}]}<\/script>\n<!-- \/ Yoast SEO plugin. -->","yoast_head_json":{"title":"Klassieke Gelaatsverzorging - Belliza","description":"MESOESTETIC ESSENTIAL Klassieke gelaatsverzorging, geschikt voor elk huidtype. Aan de hand van een correcte huidanalyse worden de juiste producten","robots":{"index":"index","follow":"follow","max-snippet":"max-snippet:-1","max-image-preview":"max-image-preview:large","max-video-preview":"max-video-preview:-1"},"canonical":"https:\/\/belliza.be\/fr\/klassieke-gelaatsverzorging\/","og_locale":"fr_FR","og_type":"article","og_title":"Klassieke Gelaatsverzorging - Belliza","og_description":"MESOESTETIC ESSENTIAL Klassieke gelaatsverzorging, geschikt voor elk huidtype. Aan de hand van een correcte huidanalyse worden de juiste producten","og_url":"https:\/\/belliza.be\/fr\/klassieke-gelaatsverzorging\/","og_site_name":"Belliza","article_publisher":"https:\/\/www.facebook.com\/www.belliza.be\/","article_modified_time":"2026-03-05T08:19:02+00:00","og_image":[{"width":2048,"height":1367,"url":"https:\/\/belliza.be\/wp-content\/uploads\/2026\/02\/gelaatsverzorging.jpg","type":"image\/jpeg"}],"twitter_card":"summary_large_image","twitter_misc":{"Dur\u00e9e de lecture est.":"2 minutes"},"schema":{"@context":"https:\/\/schema.org","@graph":[{"@type":"WebPage","@id":"https:\/\/belliza.be\/klassieke-gelaatsverzorging\/","url":"https:\/\/belliza.be\/klassieke-gelaatsverzorging\/","name":"Klassieke Gelaatsverzorging - Belliza","isPartOf":{"@id":"https:\/\/belliza.be\/#website"},"primaryImageOfPage":{"@id":"https:\/\/belliza.be\/klassieke-gelaatsverzorging\/#primaryimage"},"image":{"@id":"https:\/\/belliza.be\/klassieke-gelaatsverzorging\/#primaryimage"},"thumbnailUrl":"https:\/\/belliza.be\/wp-content\/uploads\/2026\/02\/gelaatsverzorging-1024x684.jpg","datePublished":"2026-02-08T14:17:45+00:00","dateModified":"2026-03-05T08:19:02+00:00","description":"MESOESTETIC ESSENTIAL Klassieke gelaatsverzorging, geschikt voor elk huidtype. Aan de hand van een correcte huidanalyse worden de juiste producten","breadcrumb":{"@id":"https:\/\/belliza.be\/klassieke-gelaatsverzorging\/#breadcrumb"},"inLanguage":"fr-BE","potentialAction":[{"@type":"ReadAction","target":["https:\/\/belliza.be\/klassieke-gelaatsverzorging\/"]}]},{"@type":"ImageObject","inLanguage":"fr-BE","@id":"https:\/\/belliza.be\/klassieke-gelaatsverzorging\/#primaryimage","url":"https:\/\/belliza.be\/wp-content\/uploads\/2026\/02\/gelaatsverzorging-1024x684.jpg","contentUrl":"https:\/\/belliza.be\/wp-content\/uploads\/2026\/02\/gelaatsverzorging-1024x684.jpg"},{"@type":"BreadcrumbList","@id":"https:\/\/belliza.be\/klassieke-gelaatsverzorging\/#breadcrumb","itemListElement":[{"@type":"ListItem","position":1,"name":"Home","item":"https:\/\/belliza.be\/"},{"@type":"ListItem","position":2,"name":"Klassieke Gelaatsverzorging"}]},{"@type":"WebSite","@id":"https:\/\/belliza.be\/#website","url":"https:\/\/belliza.be\/","name":"Belliza","description":"Belliza","publisher":{"@id":"https:\/\/belliza.be\/#organization"},"potentialAction":[{"@type":"SearchAction","target":{"@type":"EntryPoint","urlTemplate":"https:\/\/belliza.be\/?s={search_term_string}"},"query-input":{"@type":"PropertyValueSpecification","valueRequired":true,"valueName":"search_term_string"}}],"inLanguage":"fr-BE"},{"@type":"Organization","@id":"https:\/\/belliza.be\/#organization","name":"Belliza","url":"https:\/\/belliza.be\/","logo":{"@type":"ImageObject","inLanguage":"fr-BE","@id":"https:\/\/belliza.be\/#\/schema\/logo\/image\/","url":"","contentUrl":"","caption":"Belliza"},"image":{"@id":"https:\/\/belliza.be\/#\/schema\/logo\/image\/"},"sameAs":["https:\/\/www.facebook.com\/www.belliza.be\/","https:\/\/www.instagram.com\/schoonheidssalon_belliza\/"]}]}},"_links":{"self":[{"href":"https:\/\/belliza.be\/fr\/wp-json\/wp\/v2\/pages\/88773","targetHints":{"allow":["GET"]}}],"collection":[{"href":"https:\/\/belliza.be\/fr\/wp-json\/wp\/v2\/pages"}],"about":[{"href":"https:\/\/belliza.be\/fr\/wp-json\/wp\/v2\/types\/page"}],"author":[{"embeddable":true,"href":"https:\/\/belliza.be\/fr\/wp-json\/wp\/v2\/users\/1"}],"replies":[{"embeddable":true,"href":"https:\/\/belliza.be\/fr\/wp-json\/wp\/v2\/comments?post=88773"}],"version-history":[{"count":5,"href":"https:\/\/belliza.be\/fr\/wp-json\/wp\/v2\/pages\/88773\/revisions"}],"predecessor-version":[{"id":89812,"href":"https:\/\/belliza.be\/fr\/wp-json\/wp\/v2\/pages\/88773\/revisions\/89812"}],"wp:attachment":[{"href":"https:\/\/belliza.be\/fr\/wp-json\/wp\/v2\/media?parent=88773"}],"curies":[{"name":"wp","href":"https:\/\/api.w.org\/{rel}","templated":true}]}}