{"id":88822,"date":"2026-02-08T15:06:27","date_gmt":"2026-02-08T15:06:27","guid":{"rendered":"https:\/\/belliza.be\/?page_id=88822"},"modified":"2026-02-08T15:06:28","modified_gmt":"2026-02-08T15:06:28","slug":"microdermabrasie","status":"publish","type":"page","link":"https:\/\/belliza.be\/fr\/microdermabrasie\/","title":{"rendered":"Microdermabrasion"},"content":{"rendered":"<div class=\"wp-block-greenshift-blocks-row gspb_row gspb_row-id-gsbp-05124b2\" id=\"gspb_row-id-gsbp-05124b2\"><div class=\"gspb_row__content\"> \n<div class=\"wp-block-greenshift-blocks-row-column gspb_row__col--6 gspb_col-id-gsbp-7c832de\" id=\"gspb_col-id-gsbp-7c832de\">\n<figure class=\"wp-block-image size-large\"><img loading=\"lazy\" decoding=\"async\" width=\"1024\" height=\"684\" src=\"https:\/\/belliza.be\/wp-content\/uploads\/2026\/02\/antiage-1024x684.jpg\" alt=\"\" class=\"wp-image-88787\" srcset=\"https:\/\/belliza.be\/wp-content\/uploads\/2026\/02\/antiage-1024x684.jpg 1024w, https:\/\/belliza.be\/wp-content\/uploads\/2026\/02\/antiage-300x200.jpg 300w, https:\/\/belliza.be\/wp-content\/uploads\/2026\/02\/antiage-768x513.jpg 768w, https:\/\/belliza.be\/wp-content\/uploads\/2026\/02\/antiage-1536x1026.jpg 1536w, https:\/\/belliza.be\/wp-content\/uploads\/2026\/02\/antiage-18x12.jpg 18w, https:\/\/belliza.be\/wp-content\/uploads\/2026\/02\/antiage-600x401.jpg 600w, https:\/\/belliza.be\/wp-content\/uploads\/2026\/02\/antiage.jpg 2040w\" sizes=\"auto, (max-width: 1024px) 100vw, 1024px\" \/><\/figure>\n<\/div>\n\n\n\n<div class=\"wp-block-greenshift-blocks-row-column gspb_row__col--6 gspb_col-id-gsbp-ff40d78\" id=\"gspb_col-id-gsbp-ff40d78\">\n<h2 id=\"gspb_heading-id-gsbp-299db1a\" class=\"gspb_heading gspb_heading-id-gsbp-299db1a\">Wat is microdermabrasie?<\/h2>\n\n\n\n<p>La microdermabrasion est une exfoliation m\u00e9canique visant \u00e0 \u00e9liminer les cellules mortes de la peau. La peau est trait\u00e9e sous vide avec un flux continu d'un disque de diamant. La peau re\u00e7oit une exfoliation pr\u00e9cise et contr\u00f4l\u00e9e jusqu'\u00e0 ce que le niveau souhait\u00e9 soit atteint. Plus le nombre de traitements est \u00e9lev\u00e9, plus les r\u00e9sultats sont beaux.<\/p>\n\n\n\n<h3 class=\"wp-block-heading\" id=\"wat-doet-het-met-jouw-huid\">Quels sont les effets sur la peau ?<\/h3>\n\n\n\n<p>La microdermabrasion agit au niveau de l'\u00e9piderme, la couche sup\u00e9rieure de la peau. En \u00e9liminant les cellules mortes, la peau est mieux \u00e0 m\u00eame d'absorber les principes actifs, ce qui les rend plus efficaces. La peau b\u00e9n\u00e9ficie \u00e9galement d'une meilleure circulation et stimule la production de nouvelles cellules. Les pores deviennent \u00e9galement moins grossiers et les taches pigmentaires et les ridules peuvent s'estomper. Apr\u00e8s le traitement de microdermabrasion, la peau est beaucoup plus lisse et para\u00eet plus uniforme et plus belle.<\/p>\n\n\n\n<h3 class=\"wp-block-heading\" id=\"is-de-behandeling-pijnlijk\">Le traitement est-il douloureux ?<\/h3>\n\n\n\n<p>Non, absolument pas ! Le traitement n'est pas du tout douloureux et est m\u00eame consid\u00e9r\u00e9 comme relaxant.<\/p>\n\n\n\n<p><em>Prix : \u00e0 partir de 85<\/em><\/p>\n<\/div>\n <\/div><\/div>\n\n\n\n<div class=\"wp-block-greenshift-blocks-row gspb_row gspb_row-id-gsbp-c46321e\" id=\"gspb_row-id-gsbp-c46321e\"><div class=\"gspb_row__content\"> \n<div class=\"wp-block-greenshift-blocks-row-column gspb_row__col--6 gspb_col-id-gsbp-90d7d78\" id=\"gspb_col-id-gsbp-90d7d78\">\n<h2 id=\"gspb_heading-id-gsbp-8fe1b1d\" class=\"gspb_heading gspb_heading-id-gsbp-8fe1b1d\">Quand un traitement de microdermabrasion est-il recommand\u00e9 ?<\/h2>\n\n\n\n<p>Rides<\/p>\n\n\n\n<p>Peau impure<\/p>\n\n\n\n<p>Vieillissement de la peau<\/p>\n\n\n\n<p>Taches de pigmentation<\/p>\n\n\n\n<p>Cicatrices<\/p>\n\n\n\n<p>Dommages caus\u00e9s par le soleil<\/p>\n\n\n\n<p>Peau du fumeur<\/p>\n\n\n\n<p>Pores grossiers<\/p>\n\n\n\n<p>Texture rugueuse de la peau<\/p>\n\n\n\n<p>Peau flasque<\/p>\n\n\n\n<p>...<\/p>\n<\/div>\n\n\n\n<div class=\"wp-block-greenshift-blocks-row-column gspb_row__col--6 gspb_col-id-gsbp-34cfeed\" id=\"gspb_col-id-gsbp-34cfeed\">\n<figure class=\"wp-block-image size-full is-resized\"><img loading=\"lazy\" decoding=\"async\" width=\"480\" height=\"480\" src=\"https:\/\/belliza.be\/wp-content\/uploads\/2026\/02\/microdermabrasie.webp\" alt=\"\" class=\"wp-image-88823\" style=\"width:606px;height:auto\" srcset=\"https:\/\/belliza.be\/wp-content\/uploads\/2026\/02\/microdermabrasie.webp 480w, https:\/\/belliza.be\/wp-content\/uploads\/2026\/02\/microdermabrasie-300x300.webp 300w, https:\/\/belliza.be\/wp-content\/uploads\/2026\/02\/microdermabrasie-150x150.webp 150w, https:\/\/belliza.be\/wp-content\/uploads\/2026\/02\/microdermabrasie-12x12.webp 12w, https:\/\/belliza.be\/wp-content\/uploads\/2026\/02\/microdermabrasie-100x100.webp 100w\" sizes=\"auto, (max-width: 480px) 100vw, 480px\" \/><\/figure>\n<\/div>\n <\/div><\/div>\n\n\n\n<h2 id=\"gspb_heading-id-gsbp-7159531\" class=\"gspb_heading gspb_heading-id-gsbp-7159531\">Boek hier uw behandeling<\/h2>\n\n\n\n<div class=\"wp-block-buttons is-layout-flex wp-block-buttons-is-layout-flex\">\n<div class=\"wp-block-button has-custom-width wp-block-button__width-50\"><a class=\"wp-block-button__link has-medium-font-size has-custom-font-size wp-element-button\" href=\"tel:003214542453\">+32 14 54 24 53<\/a><\/div>\n\n\n\n<div class=\"wp-block-button has-custom-width wp-block-button__width-50\"><a class=\"wp-block-button__link has-medium-font-size has-custom-font-size wp-element-button\" href=\"mailto:karina@belliza.be\">karina@belliza.be<\/a><\/div>\n<\/div>\n\n\n\n<div class=\"wp-block-buttons is-content-justification-center is-layout-flex wp-container-core-buttons-is-layout-a89b3969 wp-block-buttons-is-layout-flex\">\n<div class=\"wp-block-button has-custom-width wp-block-button__width-50\"><a class=\"wp-block-button__link has-medium-font-size has-custom-font-size wp-element-button\" href=\"https:\/\/salonkee.be\/salon\/belliza?lang=nl\" target=\"_blank\" rel=\"noreferrer noopener\">Boek op Salonkee<\/a><\/div>\n<\/div>","protected":false},"excerpt":{"rendered":"","protected":false},"author":1,"featured_media":0,"parent":0,"menu_order":0,"comment_status":"closed","ping_status":"closed","template":"","meta":{"_gspb_post_css":"#gspb_row-id-gsbp-05124b2{justify-content:space-between;margin-top:0;margin-bottom:0;display:flex;flex-wrap:wrap;background-color:#dbbe4800}#gspb_row-id-gsbp-05124b2>.gspb_row__content{display:flex;justify-content:space-between;margin:0 auto;width:100%;flex-wrap:wrap}.gspb_row{position:relative}div[id^=gspb_col-id]{box-sizing:border-box;position:relative;padding:var(--gs-row-column-padding, 15px min(3vw, 20px))}#gspb_col-id-gsbp-7c832de.gspb_row__col--6{width:50%}@media (max-width:575.98px){#gspb_col-id-gsbp-7c832de.gspb_row__col--6{width:100%}}#gspb_col-id-gsbp-ff40d78.gspb_row__col--6{width:50%}@media (max-width:575.98px){#gspb_col-id-gsbp-ff40d78.gspb_row__col--6{width:100%}}#gspb_heading-id-gsbp-299db1a{font-size:clamp(25px,5vw,30px);line-height:1.5;text-align:left!important}#gspb_col-id-gsbp-ff40d78.gspb_row__col--6,#gspb_col-id-gsbp-ff40d78.gspb_row__col--6 .gsap-g-line,#gspb_heading-id-gsbp-299db1a .gsap-g-line{text-align:left!important}@media (max-width:575.98px){#gspb_heading-id-gsbp-299db1a,#gspb_heading-id-gsbp-299db1a .gsap-g-line{text-align:center!important}}#gspb_heading-id-gsbp-299db1a{margin-top:0;margin-bottom:30px}#gspb_row-id-gsbp-c46321e{justify-content:space-between;margin-top:0;margin-bottom:0;display:flex;flex-wrap:wrap;background-color:#dbbe4800}#gspb_row-id-gsbp-c46321e>.gspb_row__content{display:flex;justify-content:space-between;margin:0 auto;width:100%;flex-wrap:wrap}body.gspb-bodyfront #gspb_row-id-gsbp-05124b2>.gspb_row__content,body.gspb-bodyfront #gspb_row-id-gsbp-c46321e>.gspb_row__content{width:var(--theme-container-width, 1200px);max-width:var(--theme-normal-container-max-width, 1200px)}#gspb_col-id-gsbp-90d7d78.gspb_row__col--6{width:50%}@media (max-width:575.98px){#gspb_col-id-gsbp-90d7d78.gspb_row__col--6{width:100%;order:100}}#gspb_heading-id-gsbp-8fe1b1d{font-size:clamp(25px,5vw,30px);line-height:1.5;text-align:left!important}#gspb_col-id-gsbp-90d7d78.gspb_row__col--6,#gspb_col-id-gsbp-90d7d78.gspb_row__col--6 .gsap-g-line,#gspb_heading-id-gsbp-8fe1b1d .gsap-g-line{text-align:left!important}@media (max-width:575.98px){#gspb_heading-id-gsbp-8fe1b1d,#gspb_heading-id-gsbp-8fe1b1d .gsap-g-line{text-align:center!important}}#gspb_heading-id-gsbp-8fe1b1d{margin-top:0;margin-bottom:30px}#gspb_col-id-gsbp-34cfeed.gspb_row__col--6{width:50%}@media (max-width:575.98px){#gspb_col-id-gsbp-34cfeed.gspb_row__col--6{width:100%}}#gspb_heading-id-gsbp-7159531{font-size:clamp(25px,5vw,30px);line-height:1.5;text-align:center!important}#gspb_heading-id-gsbp-7159531 .gsap-g-line{text-align:center!important}@media (max-width:575.98px){#gspb_heading-id-gsbp-7159531,#gspb_heading-id-gsbp-7159531 .gsap-g-line{text-align:center!important}}#gspb_heading-id-gsbp-7159531{margin-top:0;margin-bottom:30px}","footnotes":""},"class_list":["post-88822","page","type-page","status-publish","hentry"],"blocksy_meta":[],"yoast_head":"<!-- This site is optimized with the Yoast SEO plugin v27.0 - https:\/\/yoast.com\/product\/yoast-seo-wordpress\/ -->\n<title>Microdermabrasie - Belliza<\/title>\n<meta name=\"description\" content=\"Wat is microdermabrasie? Microdermabrasie is een mechanische peeling om dode huidcellen te verwijderen waarbij de huid onder vacu\u00fcm wordt behandeld met\" \/>\n<meta name=\"robots\" content=\"index, follow, max-snippet:-1, max-image-preview:large, max-video-preview:-1\" \/>\n<link rel=\"canonical\" href=\"https:\/\/belliza.be\/fr\/microdermabrasie\/\" \/>\n<meta property=\"og:locale\" content=\"fr_FR\" \/>\n<meta property=\"og:type\" content=\"article\" \/>\n<meta property=\"og:title\" content=\"Microdermabrasie - Belliza\" \/>\n<meta property=\"og:description\" content=\"Wat is microdermabrasie? Microdermabrasie is een mechanische peeling om dode huidcellen te verwijderen waarbij de huid onder vacu\u00fcm wordt behandeld met\" \/>\n<meta property=\"og:url\" content=\"https:\/\/belliza.be\/fr\/microdermabrasie\/\" \/>\n<meta property=\"og:site_name\" content=\"Belliza\" \/>\n<meta property=\"article:publisher\" content=\"https:\/\/www.facebook.com\/www.belliza.be\/\" \/>\n<meta property=\"article:modified_time\" content=\"2026-02-08T15:06:28+00:00\" \/>\n<meta property=\"og:image\" content=\"https:\/\/belliza.be\/wp-content\/uploads\/2026\/02\/antiage-1024x684.jpg\" \/>\n<meta name=\"twitter:card\" content=\"summary_large_image\" \/>\n<meta name=\"twitter:label1\" content=\"Dur\u00e9e de lecture est.\" \/>\n\t<meta name=\"twitter:data1\" content=\"1 minute\" \/>\n<script type=\"application\/ld+json\" class=\"yoast-schema-graph\">{\"@context\":\"https:\/\/schema.org\",\"@graph\":[{\"@type\":\"WebPage\",\"@id\":\"https:\/\/belliza.be\/microdermabrasie\/\",\"url\":\"https:\/\/belliza.be\/microdermabrasie\/\",\"name\":\"Microdermabrasie - Belliza\",\"isPartOf\":{\"@id\":\"https:\/\/belliza.be\/#website\"},\"primaryImageOfPage\":{\"@id\":\"https:\/\/belliza.be\/microdermabrasie\/#primaryimage\"},\"image\":{\"@id\":\"https:\/\/belliza.be\/microdermabrasie\/#primaryimage\"},\"thumbnailUrl\":\"https:\/\/belliza.be\/wp-content\/uploads\/2026\/02\/antiage-1024x684.jpg\",\"datePublished\":\"2026-02-08T15:06:27+00:00\",\"dateModified\":\"2026-02-08T15:06:28+00:00\",\"description\":\"Wat is microdermabrasie? Microdermabrasie is een mechanische peeling om dode huidcellen te verwijderen waarbij de huid onder vacu\u00fcm wordt behandeld met\",\"breadcrumb\":{\"@id\":\"https:\/\/belliza.be\/microdermabrasie\/#breadcrumb\"},\"inLanguage\":\"fr-BE\",\"potentialAction\":[{\"@type\":\"ReadAction\",\"target\":[\"https:\/\/belliza.be\/microdermabrasie\/\"]}]},{\"@type\":\"ImageObject\",\"inLanguage\":\"fr-BE\",\"@id\":\"https:\/\/belliza.be\/microdermabrasie\/#primaryimage\",\"url\":\"https:\/\/belliza.be\/wp-content\/uploads\/2026\/02\/antiage-1024x684.jpg\",\"contentUrl\":\"https:\/\/belliza.be\/wp-content\/uploads\/2026\/02\/antiage-1024x684.jpg\"},{\"@type\":\"BreadcrumbList\",\"@id\":\"https:\/\/belliza.be\/microdermabrasie\/#breadcrumb\",\"itemListElement\":[{\"@type\":\"ListItem\",\"position\":1,\"name\":\"Home\",\"item\":\"https:\/\/belliza.be\/\"},{\"@type\":\"ListItem\",\"position\":2,\"name\":\"Microdermabrasie\"}]},{\"@type\":\"WebSite\",\"@id\":\"https:\/\/belliza.be\/#website\",\"url\":\"https:\/\/belliza.be\/\",\"name\":\"Belliza\",\"description\":\"Belliza\",\"publisher\":{\"@id\":\"https:\/\/belliza.be\/#organization\"},\"potentialAction\":[{\"@type\":\"SearchAction\",\"target\":{\"@type\":\"EntryPoint\",\"urlTemplate\":\"https:\/\/belliza.be\/?s={search_term_string}\"},\"query-input\":{\"@type\":\"PropertyValueSpecification\",\"valueRequired\":true,\"valueName\":\"search_term_string\"}}],\"inLanguage\":\"fr-BE\"},{\"@type\":\"Organization\",\"@id\":\"https:\/\/belliza.be\/#organization\",\"name\":\"Belliza\",\"url\":\"https:\/\/belliza.be\/\",\"logo\":{\"@type\":\"ImageObject\",\"inLanguage\":\"fr-BE\",\"@id\":\"https:\/\/belliza.be\/#\/schema\/logo\/image\/\",\"url\":\"\",\"contentUrl\":\"\",\"caption\":\"Belliza\"},\"image\":{\"@id\":\"https:\/\/belliza.be\/#\/schema\/logo\/image\/\"},\"sameAs\":[\"https:\/\/www.facebook.com\/www.belliza.be\/\",\"https:\/\/www.instagram.com\/schoonheidssalon_belliza\/\"]}]}<\/script>\n<!-- \/ Yoast SEO plugin. -->","yoast_head_json":{"title":"Microdermabrasion - Belliza","description":"Wat is microdermabrasie? Microdermabrasie is een mechanische peeling om dode huidcellen te verwijderen waarbij de huid onder vacu\u00fcm wordt behandeld met","robots":{"index":"index","follow":"follow","max-snippet":"max-snippet:-1","max-image-preview":"max-image-preview:large","max-video-preview":"max-video-preview:-1"},"canonical":"https:\/\/belliza.be\/fr\/microdermabrasie\/","og_locale":"fr_FR","og_type":"article","og_title":"Microdermabrasie - Belliza","og_description":"Wat is microdermabrasie? Microdermabrasie is een mechanische peeling om dode huidcellen te verwijderen waarbij de huid onder vacu\u00fcm wordt behandeld met","og_url":"https:\/\/belliza.be\/fr\/microdermabrasie\/","og_site_name":"Belliza","article_publisher":"https:\/\/www.facebook.com\/www.belliza.be\/","article_modified_time":"2026-02-08T15:06:28+00:00","og_image":[{"url":"https:\/\/belliza.be\/wp-content\/uploads\/2026\/02\/antiage-1024x684.jpg","type":"","width":"","height":""}],"twitter_card":"summary_large_image","twitter_misc":{"Dur\u00e9e de lecture est.":"1 minute"},"schema":{"@context":"https:\/\/schema.org","@graph":[{"@type":"WebPage","@id":"https:\/\/belliza.be\/microdermabrasie\/","url":"https:\/\/belliza.be\/microdermabrasie\/","name":"Microdermabrasion - Belliza","isPartOf":{"@id":"https:\/\/belliza.be\/#website"},"primaryImageOfPage":{"@id":"https:\/\/belliza.be\/microdermabrasie\/#primaryimage"},"image":{"@id":"https:\/\/belliza.be\/microdermabrasie\/#primaryimage"},"thumbnailUrl":"https:\/\/belliza.be\/wp-content\/uploads\/2026\/02\/antiage-1024x684.jpg","datePublished":"2026-02-08T15:06:27+00:00","dateModified":"2026-02-08T15:06:28+00:00","description":"Wat is microdermabrasie? Microdermabrasie is een mechanische peeling om dode huidcellen te verwijderen waarbij de huid onder vacu\u00fcm wordt behandeld met","breadcrumb":{"@id":"https:\/\/belliza.be\/microdermabrasie\/#breadcrumb"},"inLanguage":"fr-BE","potentialAction":[{"@type":"ReadAction","target":["https:\/\/belliza.be\/microdermabrasie\/"]}]},{"@type":"ImageObject","inLanguage":"fr-BE","@id":"https:\/\/belliza.be\/microdermabrasie\/#primaryimage","url":"https:\/\/belliza.be\/wp-content\/uploads\/2026\/02\/antiage-1024x684.jpg","contentUrl":"https:\/\/belliza.be\/wp-content\/uploads\/2026\/02\/antiage-1024x684.jpg"},{"@type":"BreadcrumbList","@id":"https:\/\/belliza.be\/microdermabrasie\/#breadcrumb","itemListElement":[{"@type":"ListItem","position":1,"name":"Home","item":"https:\/\/belliza.be\/"},{"@type":"ListItem","position":2,"name":"Microdermabrasie"}]},{"@type":"WebSite","@id":"https:\/\/belliza.be\/#website","url":"https:\/\/belliza.be\/","name":"Belliza","description":"Belliza","publisher":{"@id":"https:\/\/belliza.be\/#organization"},"potentialAction":[{"@type":"SearchAction","target":{"@type":"EntryPoint","urlTemplate":"https:\/\/belliza.be\/?s={search_term_string}"},"query-input":{"@type":"PropertyValueSpecification","valueRequired":true,"valueName":"search_term_string"}}],"inLanguage":"fr-BE"},{"@type":"Organization","@id":"https:\/\/belliza.be\/#organization","name":"Belliza","url":"https:\/\/belliza.be\/","logo":{"@type":"ImageObject","inLanguage":"fr-BE","@id":"https:\/\/belliza.be\/#\/schema\/logo\/image\/","url":"","contentUrl":"","caption":"Belliza"},"image":{"@id":"https:\/\/belliza.be\/#\/schema\/logo\/image\/"},"sameAs":["https:\/\/www.facebook.com\/www.belliza.be\/","https:\/\/www.instagram.com\/schoonheidssalon_belliza\/"]}]}},"_links":{"self":[{"href":"https:\/\/belliza.be\/fr\/wp-json\/wp\/v2\/pages\/88822","targetHints":{"allow":["GET"]}}],"collection":[{"href":"https:\/\/belliza.be\/fr\/wp-json\/wp\/v2\/pages"}],"about":[{"href":"https:\/\/belliza.be\/fr\/wp-json\/wp\/v2\/types\/page"}],"author":[{"embeddable":true,"href":"https:\/\/belliza.be\/fr\/wp-json\/wp\/v2\/users\/1"}],"replies":[{"embeddable":true,"href":"https:\/\/belliza.be\/fr\/wp-json\/wp\/v2\/comments?post=88822"}],"version-history":[{"count":1,"href":"https:\/\/belliza.be\/fr\/wp-json\/wp\/v2\/pages\/88822\/revisions"}],"predecessor-version":[{"id":88824,"href":"https:\/\/belliza.be\/fr\/wp-json\/wp\/v2\/pages\/88822\/revisions\/88824"}],"wp:attachment":[{"href":"https:\/\/belliza.be\/fr\/wp-json\/wp\/v2\/media?parent=88822"}],"curies":[{"name":"wp","href":"https:\/\/api.w.org\/{rel}","templated":true}]}}