{"id":88412,"date":"2026-01-27T11:57:55","date_gmt":"2026-01-27T11:57:55","guid":{"rendered":"http:\/\/&amp;p=88412"},"modified":"2026-01-27T11:57:55","modified_gmt":"2026-01-27T11:57:55","slug":"-717","status":"publish","type":"product","link":"https:\/\/belliza.be\/fr\/product\/tce-balancing-routine-foaming-gel-hydrating-toner\/","title":{"rendered":"TCE- Balancing Routine: Foaming Gel + Hydrating Toner"},"content":{"rendered":"<p><strong>PACK CLEANSE + TONE dat zuivert en hydrateert in 2 stappen.\u00a0<\/strong>De<strong>\u00a0Schuimgel<\/strong>\u00a0Diep Reinigend, volledig vernieuwd, biedt een intense &#8220;gel-to-foam&#8221; reiniging die onzuiverheden en talg verwijdert met respect voor het microbioom; de\u00a0<strong>Comfort Hydraterende Tonic<\/strong>\u00a0herstelt de balans en biedt lichte hydratatie voor een frisse, zachte en comfortabele huid. Ideaal voor gemengde tot vette huid, zelfs gevoelig.<\/p>\n<p>Exclusieve promotie voor beperkte tijd.<\/p>\n<div class=\"font-secondary text-8xl md:text-10xl font-light sb-8780270-pb-2 lg:sb-8780270-pb-0 \">\n<p><strong>Inhoud van de set<\/strong><\/p>\n<\/div>\n<div class=\"o-container o-container-22a21d1e-72ee-405b-a27d-dc7039e7a2c2 sb-7796587-flex sb-7796587-flex-col sb-7796587-divide-y \">\n<div id=\"rktgridlayout-68cd4c6873881\" class=\"o-grid sb-6010130-py-4 lg:sb-6010130-py-8 grid\">\n<div><\/div>\n<div><\/div>\n<div class=\"o-grid-child\"><span class=\" \"><picture class=\"a-image__picture\"><img loading=\"lazy\" decoding=\"async\" class=\" xl:sb-802508-w-36 a-image__image alignnone\" src=\"https:\/\/www.germainedecapuccini.com\/storyblok\/f\/243768\/1200x1200\/7bf1e2c5d2\/the-cleansing-expert-365-exfoliating-foam.jpg\" alt=\"\" width=\"91\" height=\"91\" \/>\u00a0<\/picture><\/span><\/div>\n<div class=\"o-grid-child\">\n<div class=\"o-container o-container-d512fd02-7248-4191-a89d-3b405177e3e2 sb-9604085-h-full sb-9604085-flex sb-9604085-flex-col sb-9604085-justify-center \">\n<div class=\"font-primary text-xl md:text-2xl font-normal \">\n<p>Deep Cleansing Foaming Gel<\/p>\n<\/div>\n<div class=\"font-primary text-md md:text-lg font-light sb-8726315-pt-2 sb-8726315-pb-2 \">\n<p><b>Ultrazachte reinigingsgel die bij contact met water verandert in een rijke, romige schuim.<\/b><br \/>\nReinigt diep onzuiverheden, overtollig talg en make-upresten zonder uit te drogen, dankzij de combinatie van zachte oppervlakteactieve stoffen en kalmerend, antioxidatief haverextract.<\/p>\n<\/div>\n<div class=\"font-primary text-md font-light \">\n<p>150 ml<\/p>\n<\/div>\n<\/div>\n<\/div>\n<\/div>\n<div id=\"rktgridlayout-68cd4c6873990\" class=\"o-grid sb-6010130-py-4 lg:sb-6010130-py-8 grid\">\n<div class=\"o-grid-child\"><span class=\" \"><picture class=\"a-image__picture\"><img loading=\"lazy\" decoding=\"async\" class=\" xl:sb-802508-w-36 a-image__image\" title=\"\" src=\"https:\/\/www.germainedecapuccini.com\/storyblok\/f\/243768\/1200x1200\/8230806acc\/the-cleansing-expert-comforting-hydrating-toner-descriptive.jpg\" alt=\"\" width=\"91\" height=\"91\" \/><\/picture><\/span><\/div>\n<div class=\"o-grid-child\">\n<div class=\"o-container o-container-fbe037d4-c500-45c9-bfe9-cf8f8ebc319e sb-9604085-h-full sb-9604085-flex sb-9604085-flex-col sb-9604085-justify-center \">\n<div class=\"font-primary text-xl md:text-2xl font-normal \">\n<p>Comforting Hydrating Toner<\/p>\n<\/div>\n<div class=\"font-primary text-md md:text-lg font-light sb-3653669-pt-2 sb-3653669-pb-2 \">\n<p>Lichte, omhullende tonerlotion die de huid na het reinigen in balans brengt en zorgt voor\u00a0<b>hydratatie, frisheid en zachtheid.<\/b><br \/>\nVerrijkt met hyaluronzuur en haverextract om de huidbarri\u00e8re te versterken, te kalmeren en de textuur te verbeteren.<\/p>\n<\/div>\n<div class=\"font-primary text-md font-light \">\n<p>200 ml<\/p>\n<p>Dit duo combineert de zuiverende effectiviteit van de Diep Reinigende Schuimgel met de balancerende en hydraterende kracht van de Comfort Hydraterende Tonic.<\/p>\n<ul>\n<li><strong>De gel reinigt diep<\/strong>\u00a0zonder de huid te beschadigen, waardoor deze zacht en fris aanvoelt.<\/li>\n<li><strong>De tonic kalmeert, hydrateert en herstelt<\/strong>\u00a0de natuurlijke balans van het microbioom.<\/li>\n<\/ul>\n<p>Ideaal voor alle huidtypes, zelfs de meest gevoelige, is deze tweestapsroutine perfect om de huid schoon, in balans en klaar te houden voor verdere behandelingen.<\/p>\n<div class=\"sb-2952528-font-light sb-2952528-flex sb-2952528-items-center text-lg\">\n<div class=\"\">Reinigt en zuivert diep.<\/div>\n<\/div>\n<div class=\"sb-2952528-font-light sb-2952528-flex sb-2952528-items-center text-lg\">\n<div class=\"\">Verzacht en versterkt de natuurlijke barri\u00e8re van de huid.<\/div>\n<\/div>\n<div class=\"sb-2952528-font-light sb-2952528-flex sb-2952528-items-center text-lg\">\n<div class=\"\">Revitaliseert en verheldert de huid door te fungeren als een detoxritueel.<\/div>\n<\/div>\n<div class=\"sb-2952528-font-light sb-2952528-flex sb-2952528-items-center text-lg\">\n<div class=\"\">Geschikt voor gebruik tijdens de zwangerschap.<\/div>\n<\/div>\n<div class=\"sb-2952528-font-light sb-2952528-flex sb-2952528-items-center text-lg\">\n<div class=\"\">Diepe reiniging die het huidmicrobioom respecteert en versterkt.<\/div>\n<div><strong>Ingredi\u00ebnten<\/strong><\/div>\n<div>\n<div class=\"product attribute md:sb-2271983-mt-8 sb-2271983-mt-4 sb-2271983-text-[#51545a] sb-2271983-text-lg sb-2271983-font-light\">\n<div class=\"value \">&#8220;Gel: Aqua (Water), Coco-Betaine, Propylene Glycol, Lauroyl\/Myristoyl Methyl Glucamide, Sodium Chloride, Sodium Methyl Cocoyl Taurate, Ethylhexylglycerin, Sodium Cocoyl Isethionate, Avena Sativa (Oat) Kernel Extract, Caprylyl\/Capryl Wheat Bran\/Straw Glycosides, Lauryl\/Myristyl Wheat Bran\/Straw Glycosides, Acrylates\/C10-30 Alkyl Acrylate Crosspolymer, Maltodextrin, Sodium Hydroxide, Parfum (Fragrance), Linalool, Limonene. Tonic: Aqua (Water), Pentylene Glycol, Propylene Glycol, Avena Sativa (Oat) Kernel Extract, Sodium Hyaluronate, PEG-40 Hydrogenated Castor Oil, Olive Oil PEG-7 Esters, PEG-7 Glyceryl Cocoate, Ethylhexylglycerin, PPG-5-Ceteth-20, Maltodextrin, Ethoxydiglycol, Disodium EDTA, Phenoxyethanol, o-Cymen-5-ol, Parfum (Fragrance), Linalool, Limonene, Linalyl Acetate, Tetramethyl Acetyloctahydronaphthalenes, Trimethylcyclopentenyl Methylisopentenol, Coumarin. &#8220;<\/div>\n<\/div>\n<div class=\"font-primary text-md \">\n<p>*Ingredi\u00ebnten kunnen veranderen en de ingredi\u00ebnten die op de verpakking staan, worden in elk geval als geldig beschouwd.<\/p>\n<\/div>\n<\/div>\n<\/div>\n<\/div>\n<\/div>\n<\/div>\n<\/div>\n<\/div>\n","protected":false},"excerpt":{"rendered":"<p>Diepreinigend routine in duo<\/p>","protected":false},"featured_media":88503,"comment_status":"closed","ping_status":"closed","template":"","meta":{"_gspb_post_css":""},"product_brand":[],"product_cat":[97,105,59,106,65,58,107,80,67,205,68,69,327,70,75,76,71],"product_tag":[],"class_list":{"0":"post-88412","1":"product","2":"type-product","3":"status-publish","4":"has-post-thumbnail","6":"product_cat-acne","7":"product_cat-alle-huidtypes","8":"product_cat-anti-aging-rimpels","9":"product_cat-couperose-rosacea-eczeem","10":"product_cat-droge-huid","11":"product_cat-gelaatsverzorging","12":"product_cat-gevoelige-huid","13":"product_cat-jonge-huid","14":"product_cat-pigmentatie","15":"product_cat-promoties-2","16":"product_cat-rijpere-huid","17":"product_cat-schoonheidsproducten","18":"product_cat-thuisverzorging-pakketten","19":"product_cat-verstevigen-liften-v-d-huid","20":"product_cat-vette-huid","21":"product_cat-vochtarme-huid","22":"product_cat-zuurstofarme-doffe-huid","24":"first","25":"outofstock","26":"sale","27":"taxable","28":"shipping-taxable","29":"purchasable","30":"product-type-simple"},"ct_brands":[],"yoast_head":"<!-- This site is optimized with the Yoast SEO plugin v27.0 - https:\/\/yoast.com\/product\/yoast-seo-wordpress\/ -->\n<title>TCE- Balancing Routine: Foaming Gel + Hydrating Toner - Online Bestellen<\/title>\n<meta name=\"description\" content=\"Shop de producten van Mesoestetic, Germaine de Capuccini en meer. Bekijk de nieuwe promoties tot 50% korting. Gratis verzending vanaf \u20ac50!\" \/>\n<meta name=\"robots\" content=\"index, follow, max-snippet:-1, max-image-preview:large, max-video-preview:-1\" \/>\n<link rel=\"canonical\" href=\"https:\/\/belliza.be\/fr\/produit-2\/-717\/\" \/>\n<meta property=\"og:locale\" content=\"fr_FR\" \/>\n<meta property=\"og:type\" content=\"article\" \/>\n<meta property=\"og:title\" content=\"TCE- Balancing Routine: Foaming Gel + Hydrating Toner - Online Bestellen\" \/>\n<meta property=\"og:description\" content=\"Shop de producten van Mesoestetic, Germaine de Capuccini en meer. Bekijk de nieuwe promoties tot 50% korting. Gratis verzending vanaf \u20ac50!\" \/>\n<meta property=\"og:url\" content=\"https:\/\/belliza.be\/fr\/produit-2\/-717\/\" \/>\n<meta property=\"og:site_name\" content=\"Belliza\" \/>\n<meta property=\"article:publisher\" content=\"https:\/\/www.facebook.com\/www.belliza.be\/\" \/>\n<meta property=\"og:image\" content=\"https:\/\/belliza.be\/wp-content\/uploads\/2026\/01\/00290013_1.webp\" \/>\n\t<meta property=\"og:image:width\" content=\"700\" \/>\n\t<meta property=\"og:image:height\" content=\"700\" \/>\n\t<meta property=\"og:image:type\" content=\"image\/webp\" \/>\n<meta name=\"twitter:card\" content=\"summary_large_image\" \/>\n<meta name=\"twitter:label1\" content=\"Dur\u00e9e de lecture est.\" \/>\n\t<meta name=\"twitter:data1\" content=\"3 minutes\" \/>\n<script type=\"application\/ld+json\" class=\"yoast-schema-graph\">{\"@context\":\"https:\/\/schema.org\",\"@graph\":[{\"@type\":\"WebPage\",\"@id\":\"https:\/\/belliza.be\/product\/tce-balancing-routine-foaming-gel-hydrating-toner\/\",\"url\":\"https:\/\/belliza.be\/product\/tce-balancing-routine-foaming-gel-hydrating-toner\/\",\"name\":\"TCE- Balancing Routine: Foaming Gel + Hydrating Toner - Online Bestellen\",\"isPartOf\":{\"@id\":\"https:\/\/belliza.be\/#website\"},\"primaryImageOfPage\":{\"@id\":\"https:\/\/belliza.be\/product\/tce-balancing-routine-foaming-gel-hydrating-toner\/#primaryimage\"},\"image\":{\"@id\":\"https:\/\/belliza.be\/product\/tce-balancing-routine-foaming-gel-hydrating-toner\/#primaryimage\"},\"thumbnailUrl\":\"https:\/\/belliza.be\/wp-content\/uploads\/2026\/01\/00290013_1.webp\",\"datePublished\":\"2026-01-27T11:57:55+00:00\",\"description\":\"Shop de producten van Mesoestetic, Germaine de Capuccini en meer. Bekijk de nieuwe promoties tot 50% korting. Gratis verzending vanaf \u20ac50!\",\"breadcrumb\":{\"@id\":\"https:\/\/belliza.be\/product\/tce-balancing-routine-foaming-gel-hydrating-toner\/#breadcrumb\"},\"inLanguage\":\"fr-BE\",\"potentialAction\":[{\"@type\":\"ReadAction\",\"target\":[\"https:\/\/belliza.be\/product\/tce-balancing-routine-foaming-gel-hydrating-toner\/\"]}]},{\"@type\":\"ImageObject\",\"inLanguage\":\"fr-BE\",\"@id\":\"https:\/\/belliza.be\/product\/tce-balancing-routine-foaming-gel-hydrating-toner\/#primaryimage\",\"url\":\"https:\/\/belliza.be\/wp-content\/uploads\/2026\/01\/00290013_1.webp\",\"contentUrl\":\"https:\/\/belliza.be\/wp-content\/uploads\/2026\/01\/00290013_1.webp\",\"width\":700,\"height\":700},{\"@type\":\"BreadcrumbList\",\"@id\":\"https:\/\/belliza.be\/product\/tce-balancing-routine-foaming-gel-hydrating-toner\/#breadcrumb\",\"itemListElement\":[{\"@type\":\"ListItem\",\"position\":1,\"name\":\"Home\",\"item\":\"https:\/\/belliza.be\/\"},{\"@type\":\"ListItem\",\"position\":2,\"name\":\"Shop\",\"item\":\"https:\/\/belliza.be\/shop\/\"},{\"@type\":\"ListItem\",\"position\":3,\"name\":\"TCE- Balancing Routine: Foaming Gel + Hydrating Toner\"}]},{\"@type\":\"WebSite\",\"@id\":\"https:\/\/belliza.be\/#website\",\"url\":\"https:\/\/belliza.be\/\",\"name\":\"Belliza\",\"description\":\"Belliza\",\"publisher\":{\"@id\":\"https:\/\/belliza.be\/#organization\"},\"potentialAction\":[{\"@type\":\"SearchAction\",\"target\":{\"@type\":\"EntryPoint\",\"urlTemplate\":\"https:\/\/belliza.be\/?s={search_term_string}\"},\"query-input\":{\"@type\":\"PropertyValueSpecification\",\"valueRequired\":true,\"valueName\":\"search_term_string\"}}],\"inLanguage\":\"fr-BE\"},{\"@type\":\"Organization\",\"@id\":\"https:\/\/belliza.be\/#organization\",\"name\":\"Belliza\",\"url\":\"https:\/\/belliza.be\/\",\"logo\":{\"@type\":\"ImageObject\",\"inLanguage\":\"fr-BE\",\"@id\":\"https:\/\/belliza.be\/#\/schema\/logo\/image\/\",\"url\":\"\",\"contentUrl\":\"\",\"caption\":\"Belliza\"},\"image\":{\"@id\":\"https:\/\/belliza.be\/#\/schema\/logo\/image\/\"},\"sameAs\":[\"https:\/\/www.facebook.com\/www.belliza.be\/\",\"https:\/\/www.instagram.com\/schoonheidssalon_belliza\/\"]}]}<\/script>\n<!-- \/ Yoast SEO plugin. -->","yoast_head_json":{"title":"TCE- Balancing Routine: Foaming Gel + Hydrating Toner - Online Bestellen","description":"Acheter des produits de Mesoestetic, Germaine de Capuccini et plus encore. D\u00e9couvrez les nouvelles promotions jusqu'\u00e0 50% de r\u00e9duction. Livraison gratuite \u00e0 partir de 50 \u20ac !","robots":{"index":"index","follow":"follow","max-snippet":"max-snippet:-1","max-image-preview":"max-image-preview:large","max-video-preview":"max-video-preview:-1"},"canonical":"https:\/\/belliza.be\/fr\/produit-2\/-717\/","og_locale":"fr_FR","og_type":"article","og_title":"TCE- Balancing Routine: Foaming Gel + Hydrating Toner - Online Bestellen","og_description":"Shop de producten van Mesoestetic, Germaine de Capuccini en meer. Bekijk de nieuwe promoties tot 50% korting. Gratis verzending vanaf \u20ac50!","og_url":"https:\/\/belliza.be\/fr\/produit-2\/-717\/","og_site_name":"Belliza","article_publisher":"https:\/\/www.facebook.com\/www.belliza.be\/","og_image":[{"width":700,"height":700,"url":"https:\/\/belliza.be\/wp-content\/uploads\/2026\/01\/00290013_1.webp","type":"image\/webp"}],"twitter_card":"summary_large_image","twitter_misc":{"Dur\u00e9e de lecture est.":"3 minutes"},"schema":{"@context":"https:\/\/schema.org","@graph":[{"@type":"WebPage","@id":"https:\/\/belliza.be\/product\/tce-balancing-routine-foaming-gel-hydrating-toner\/","url":"https:\/\/belliza.be\/product\/tce-balancing-routine-foaming-gel-hydrating-toner\/","name":"TCE- Balancing Routine: Foaming Gel + Hydrating Toner - Online Bestellen","isPartOf":{"@id":"https:\/\/belliza.be\/#website"},"primaryImageOfPage":{"@id":"https:\/\/belliza.be\/product\/tce-balancing-routine-foaming-gel-hydrating-toner\/#primaryimage"},"image":{"@id":"https:\/\/belliza.be\/product\/tce-balancing-routine-foaming-gel-hydrating-toner\/#primaryimage"},"thumbnailUrl":"https:\/\/belliza.be\/wp-content\/uploads\/2026\/01\/00290013_1.webp","datePublished":"2026-01-27T11:57:55+00:00","description":"Acheter des produits de Mesoestetic, Germaine de Capuccini et plus encore. D\u00e9couvrez les nouvelles promotions jusqu'\u00e0 50% de r\u00e9duction. Livraison gratuite \u00e0 partir de 50 \u20ac !","breadcrumb":{"@id":"https:\/\/belliza.be\/product\/tce-balancing-routine-foaming-gel-hydrating-toner\/#breadcrumb"},"inLanguage":"fr-BE","potentialAction":[{"@type":"ReadAction","target":["https:\/\/belliza.be\/product\/tce-balancing-routine-foaming-gel-hydrating-toner\/"]}]},{"@type":"ImageObject","inLanguage":"fr-BE","@id":"https:\/\/belliza.be\/product\/tce-balancing-routine-foaming-gel-hydrating-toner\/#primaryimage","url":"https:\/\/belliza.be\/wp-content\/uploads\/2026\/01\/00290013_1.webp","contentUrl":"https:\/\/belliza.be\/wp-content\/uploads\/2026\/01\/00290013_1.webp","width":700,"height":700},{"@type":"BreadcrumbList","@id":"https:\/\/belliza.be\/product\/tce-balancing-routine-foaming-gel-hydrating-toner\/#breadcrumb","itemListElement":[{"@type":"ListItem","position":1,"name":"Home","item":"https:\/\/belliza.be\/"},{"@type":"ListItem","position":2,"name":"Shop","item":"https:\/\/belliza.be\/shop\/"},{"@type":"ListItem","position":3,"name":"TCE- Balancing Routine: Foaming Gel + Hydrating Toner"}]},{"@type":"WebSite","@id":"https:\/\/belliza.be\/#website","url":"https:\/\/belliza.be\/","name":"Belliza","description":"Belliza","publisher":{"@id":"https:\/\/belliza.be\/#organization"},"potentialAction":[{"@type":"SearchAction","target":{"@type":"EntryPoint","urlTemplate":"https:\/\/belliza.be\/?s={search_term_string}"},"query-input":{"@type":"PropertyValueSpecification","valueRequired":true,"valueName":"search_term_string"}}],"inLanguage":"fr-BE"},{"@type":"Organization","@id":"https:\/\/belliza.be\/#organization","name":"Belliza","url":"https:\/\/belliza.be\/","logo":{"@type":"ImageObject","inLanguage":"fr-BE","@id":"https:\/\/belliza.be\/#\/schema\/logo\/image\/","url":"","contentUrl":"","caption":"Belliza"},"image":{"@id":"https:\/\/belliza.be\/#\/schema\/logo\/image\/"},"sameAs":["https:\/\/www.facebook.com\/www.belliza.be\/","https:\/\/www.instagram.com\/schoonheidssalon_belliza\/"]}]}},"_links":{"self":[{"href":"https:\/\/belliza.be\/fr\/wp-json\/wp\/v2\/product\/88412","targetHints":{"allow":["GET"]}}],"collection":[{"href":"https:\/\/belliza.be\/fr\/wp-json\/wp\/v2\/product"}],"about":[{"href":"https:\/\/belliza.be\/fr\/wp-json\/wp\/v2\/types\/product"}],"replies":[{"embeddable":true,"href":"https:\/\/belliza.be\/fr\/wp-json\/wp\/v2\/comments?post=88412"}],"wp:featuredmedia":[{"embeddable":true,"href":"https:\/\/belliza.be\/fr\/wp-json\/wp\/v2\/media\/88503"}],"wp:attachment":[{"href":"https:\/\/belliza.be\/fr\/wp-json\/wp\/v2\/media?parent=88412"}],"wp:term":[{"taxonomy":"product_brand","embeddable":true,"href":"https:\/\/belliza.be\/fr\/wp-json\/wp\/v2\/product_brand?post=88412"},{"taxonomy":"product_cat","embeddable":true,"href":"https:\/\/belliza.be\/fr\/wp-json\/wp\/v2\/product_cat?post=88412"},{"taxonomy":"product_tag","embeddable":true,"href":"https:\/\/belliza.be\/fr\/wp-json\/wp\/v2\/product_tag?post=88412"}],"curies":[{"name":"wp","href":"https:\/\/api.w.org\/{rel}","templated":true}]}}